{"id":1770,"date":"2023-04-05T17:32:28","date_gmt":"2023-04-05T15:32:28","guid":{"rendered":"https:\/\/www.vaninamuracciole.com\/?post_type=product&#038;p=1770"},"modified":"2023-04-11T11:41:59","modified_gmt":"2023-04-11T09:41:59","slug":"vanina-muracciole-x-nathanael-koffi","status":"publish","type":"product","link":"https:\/\/www.vaninamuracciole.com\/en\/produit\/vanina-muracciole-x-nathanael-koffi\/","title":{"rendered":"Vanina Muracciole X Nathanael Koffi"},"content":{"rendered":"<p><a href=\"https:\/\/www.instagram.com\/nathanaelkoffi\/?hl=fr\" target=\"_blank\" rel=\"noopener\"><strong>Nathanael Koffi<\/strong><\/a> est un jeune artiste plasticien qui aime d\u00e9tourner et travailler certains objets du quotidien pour sublimer le monde autour de lui. Dans une d\u00e9marche de travail tr\u00e8s abstraite, il joue sur les variations de couleur et de motifs. Son travail se fait librement, sans croquis, ni pr\u00e9paration en amont. La composition de la couleur est livre, presque sauvage.&nbsp;<\/p>\n","protected":false},"excerpt":{"rendered":"<blockquote><p><strong>Un ambre frais, moderne et color\u00e9, qui joue les effets de chaud\/froid.&nbsp;<br \/>\nUne magnifique bougie d\u00e9corative au parfum&nbsp;addictif.&nbsp;<\/strong><\/p><\/blockquote>\n<p>Bougie en verre 220 grammes<\/p>\n<p><em>Myrrhe,&nbsp;G\u00e9ranium,&nbsp;Cyste absolu,&nbsp;Patchouli,&nbsp;V\u00e9tiver,&nbsp;Ambre,&nbsp;Musc,&nbsp;F\u00e8ve tonka<\/em><\/p>\n<p>&nbsp;<\/p>\n<p>&nbsp;<\/p>\n","protected":false},"featured_media":1777,"template":"","meta":{"_acf_changed":false,"ngg_post_thumbnail":0},"product_brand":[],"product_cat":[26],"product_tag":[],"class_list":{"0":"post-1770","1":"product","2":"type-product","3":"status-publish","4":"has-post-thumbnail","6":"product_cat-e-shop","8":"first","9":"instock","10":"featured","11":"taxable","12":"shipping-taxable","13":"purchasable","14":"product-type-simple","16":"catalog-layout-default","17":"columns-xs-1"},"acf":[],"yoast_head":"<!-- This site is optimized with the Yoast SEO plugin v25.3 - https:\/\/yoast.com\/wordpress\/plugins\/seo\/ -->\n<title>Vanina Muracciole X Nathanael Koffi - Vanina Muracciole, parfumeur ind\u00e9pendant<\/title>\n<meta name=\"robots\" content=\"index, follow, max-snippet:-1, max-image-preview:large, max-video-preview:-1\" \/>\n<link rel=\"canonical\" href=\"https:\/\/www.vaninamuracciole.com\/produit\/vanina-muracciole-x-nathanael-koffi\/\" \/>\n<meta property=\"og:locale\" content=\"en_US\" \/>\n<meta property=\"og:type\" content=\"article\" \/>\n<meta property=\"og:title\" content=\"Vanina Muracciole X Nathanael Koffi - Vanina Muracciole, parfumeur ind\u00e9pendant\" \/>\n<meta property=\"og:description\" content=\"Un ambre frais, moderne et color\u00e9, qui joue les effets de chaud\/froid.&nbsp; Une magnifique bougie d\u00e9corative au parfum&nbsp;addictif.&nbsp; Bougie en verre 220 grammes  Myrrhe,&nbsp;G\u00e9ranium,&nbsp;Cyste absolu,&nbsp;Patchouli,&nbsp;V\u00e9tiver,&nbsp;Ambre,&nbsp;Musc,&nbsp;F\u00e8ve tonka  &nbsp;  &nbsp;\" \/>\n<meta property=\"og:url\" content=\"https:\/\/www.vaninamuracciole.com\/produit\/vanina-muracciole-x-nathanael-koffi\/\" \/>\n<meta property=\"og:site_name\" content=\"Vanina Muracciole, parfumeur ind\u00e9pendant\" \/>\n<meta property=\"article:modified_time\" content=\"2023-04-11T09:41:59+00:00\" \/>\n<meta property=\"og:image\" content=\"https:\/\/www.vaninamuracciole.com\/wp-content\/uploads\/2023\/04\/vanina-Muracciole-2023-1.jpg\" \/>\n\t<meta property=\"og:image:width\" content=\"1000\" \/>\n\t<meta property=\"og:image:height\" content=\"1000\" \/>\n\t<meta property=\"og:image:type\" content=\"image\/jpeg\" \/>\n<meta name=\"twitter:card\" content=\"summary_large_image\" \/>\n<script type=\"application\/ld+json\" class=\"yoast-schema-graph\">{\"@context\":\"https:\/\/schema.org\",\"@graph\":[{\"@type\":\"WebPage\",\"@id\":\"https:\/\/www.vaninamuracciole.com\/produit\/vanina-muracciole-x-nathanael-koffi\/\",\"url\":\"https:\/\/www.vaninamuracciole.com\/produit\/vanina-muracciole-x-nathanael-koffi\/\",\"name\":\"Vanina Muracciole X Nathanael Koffi - Vanina Muracciole, parfumeur ind\u00e9pendant\",\"isPartOf\":{\"@id\":\"https:\/\/www.vaninamuracciole.com\/#website\"},\"primaryImageOfPage\":{\"@id\":\"https:\/\/www.vaninamuracciole.com\/produit\/vanina-muracciole-x-nathanael-koffi\/#primaryimage\"},\"image\":{\"@id\":\"https:\/\/www.vaninamuracciole.com\/produit\/vanina-muracciole-x-nathanael-koffi\/#primaryimage\"},\"thumbnailUrl\":\"https:\/\/www.vaninamuracciole.com\/wp-content\/uploads\/2023\/04\/vanina-Muracciole-2023-1.jpg\",\"datePublished\":\"2023-04-05T15:32:28+00:00\",\"dateModified\":\"2023-04-11T09:41:59+00:00\",\"breadcrumb\":{\"@id\":\"https:\/\/www.vaninamuracciole.com\/produit\/vanina-muracciole-x-nathanael-koffi\/#breadcrumb\"},\"inLanguage\":\"en-US\",\"potentialAction\":[{\"@type\":\"ReadAction\",\"target\":[\"https:\/\/www.vaninamuracciole.com\/produit\/vanina-muracciole-x-nathanael-koffi\/\"]}]},{\"@type\":\"ImageObject\",\"inLanguage\":\"en-US\",\"@id\":\"https:\/\/www.vaninamuracciole.com\/produit\/vanina-muracciole-x-nathanael-koffi\/#primaryimage\",\"url\":\"https:\/\/www.vaninamuracciole.com\/wp-content\/uploads\/2023\/04\/vanina-Muracciole-2023-1.jpg\",\"contentUrl\":\"https:\/\/www.vaninamuracciole.com\/wp-content\/uploads\/2023\/04\/vanina-Muracciole-2023-1.jpg\",\"width\":1000,\"height\":1000},{\"@type\":\"BreadcrumbList\",\"@id\":\"https:\/\/www.vaninamuracciole.com\/produit\/vanina-muracciole-x-nathanael-koffi\/#breadcrumb\",\"itemListElement\":[{\"@type\":\"ListItem\",\"position\":1,\"name\":\"Accueil\",\"item\":\"https:\/\/www.vaninamuracciole.com\/en\/\"},{\"@type\":\"ListItem\",\"position\":2,\"name\":\"Shop\",\"item\":\"https:\/\/www.vaninamuracciole.com\/shop-2\/\"},{\"@type\":\"ListItem\",\"position\":3,\"name\":\"Vanina Muracciole X Nathanael Koffi\"}]},{\"@type\":\"WebSite\",\"@id\":\"https:\/\/www.vaninamuracciole.com\/#website\",\"url\":\"https:\/\/www.vaninamuracciole.com\/\",\"name\":\"Vanina Muracciole, parfumeur ind\u00e9pendant\",\"description\":\"Design olfactif - Paris\",\"potentialAction\":[{\"@type\":\"SearchAction\",\"target\":{\"@type\":\"EntryPoint\",\"urlTemplate\":\"https:\/\/www.vaninamuracciole.com\/?s={search_term_string}\"},\"query-input\":{\"@type\":\"PropertyValueSpecification\",\"valueRequired\":true,\"valueName\":\"search_term_string\"}}],\"inLanguage\":\"en-US\"}]}<\/script>\n<!-- \/ Yoast SEO plugin. -->","yoast_head_json":{"title":"Vanina Muracciole X Nathanael Koffi - Vanina Muracciole, parfumeur ind\u00e9pendant","robots":{"index":"index","follow":"follow","max-snippet":"max-snippet:-1","max-image-preview":"max-image-preview:large","max-video-preview":"max-video-preview:-1"},"canonical":"https:\/\/www.vaninamuracciole.com\/produit\/vanina-muracciole-x-nathanael-koffi\/","og_locale":"en_US","og_type":"article","og_title":"Vanina Muracciole X Nathanael Koffi - Vanina Muracciole, parfumeur ind\u00e9pendant","og_description":"Un ambre frais, moderne et color\u00e9, qui joue les effets de chaud\/froid.&nbsp; Une magnifique bougie d\u00e9corative au parfum&nbsp;addictif.&nbsp; Bougie en verre 220 grammes  Myrrhe,&nbsp;G\u00e9ranium,&nbsp;Cyste absolu,&nbsp;Patchouli,&nbsp;V\u00e9tiver,&nbsp;Ambre,&nbsp;Musc,&nbsp;F\u00e8ve tonka  &nbsp;  &nbsp;","og_url":"https:\/\/www.vaninamuracciole.com\/produit\/vanina-muracciole-x-nathanael-koffi\/","og_site_name":"Vanina Muracciole, parfumeur ind\u00e9pendant","article_modified_time":"2023-04-11T09:41:59+00:00","og_image":[{"width":1000,"height":1000,"url":"https:\/\/www.vaninamuracciole.com\/wp-content\/uploads\/2023\/04\/vanina-Muracciole-2023-1.jpg","type":"image\/jpeg"}],"twitter_card":"summary_large_image","schema":{"@context":"https:\/\/schema.org","@graph":[{"@type":"WebPage","@id":"https:\/\/www.vaninamuracciole.com\/produit\/vanina-muracciole-x-nathanael-koffi\/","url":"https:\/\/www.vaninamuracciole.com\/produit\/vanina-muracciole-x-nathanael-koffi\/","name":"Vanina Muracciole X Nathanael Koffi - Vanina Muracciole, parfumeur ind\u00e9pendant","isPartOf":{"@id":"https:\/\/www.vaninamuracciole.com\/#website"},"primaryImageOfPage":{"@id":"https:\/\/www.vaninamuracciole.com\/produit\/vanina-muracciole-x-nathanael-koffi\/#primaryimage"},"image":{"@id":"https:\/\/www.vaninamuracciole.com\/produit\/vanina-muracciole-x-nathanael-koffi\/#primaryimage"},"thumbnailUrl":"https:\/\/www.vaninamuracciole.com\/wp-content\/uploads\/2023\/04\/vanina-Muracciole-2023-1.jpg","datePublished":"2023-04-05T15:32:28+00:00","dateModified":"2023-04-11T09:41:59+00:00","breadcrumb":{"@id":"https:\/\/www.vaninamuracciole.com\/produit\/vanina-muracciole-x-nathanael-koffi\/#breadcrumb"},"inLanguage":"en-US","potentialAction":[{"@type":"ReadAction","target":["https:\/\/www.vaninamuracciole.com\/produit\/vanina-muracciole-x-nathanael-koffi\/"]}]},{"@type":"ImageObject","inLanguage":"en-US","@id":"https:\/\/www.vaninamuracciole.com\/produit\/vanina-muracciole-x-nathanael-koffi\/#primaryimage","url":"https:\/\/www.vaninamuracciole.com\/wp-content\/uploads\/2023\/04\/vanina-Muracciole-2023-1.jpg","contentUrl":"https:\/\/www.vaninamuracciole.com\/wp-content\/uploads\/2023\/04\/vanina-Muracciole-2023-1.jpg","width":1000,"height":1000},{"@type":"BreadcrumbList","@id":"https:\/\/www.vaninamuracciole.com\/produit\/vanina-muracciole-x-nathanael-koffi\/#breadcrumb","itemListElement":[{"@type":"ListItem","position":1,"name":"Accueil","item":"https:\/\/www.vaninamuracciole.com\/en\/"},{"@type":"ListItem","position":2,"name":"Shop","item":"https:\/\/www.vaninamuracciole.com\/shop-2\/"},{"@type":"ListItem","position":3,"name":"Vanina Muracciole X Nathanael Koffi"}]},{"@type":"WebSite","@id":"https:\/\/www.vaninamuracciole.com\/#website","url":"https:\/\/www.vaninamuracciole.com\/","name":"Vanina Muracciole, parfumeur ind\u00e9pendant","description":"Design olfactif - Paris","potentialAction":[{"@type":"SearchAction","target":{"@type":"EntryPoint","urlTemplate":"https:\/\/www.vaninamuracciole.com\/?s={search_term_string}"},"query-input":{"@type":"PropertyValueSpecification","valueRequired":true,"valueName":"search_term_string"}}],"inLanguage":"en-US"}]}},"_links":{"self":[{"href":"https:\/\/www.vaninamuracciole.com\/en\/wp-json\/wp\/v2\/product\/1770","targetHints":{"allow":["GET"]}}],"collection":[{"href":"https:\/\/www.vaninamuracciole.com\/en\/wp-json\/wp\/v2\/product"}],"about":[{"href":"https:\/\/www.vaninamuracciole.com\/en\/wp-json\/wp\/v2\/types\/product"}],"wp:featuredmedia":[{"embeddable":true,"href":"https:\/\/www.vaninamuracciole.com\/en\/wp-json\/wp\/v2\/media\/1777"}],"wp:attachment":[{"href":"https:\/\/www.vaninamuracciole.com\/en\/wp-json\/wp\/v2\/media?parent=1770"}],"wp:term":[{"taxonomy":"product_brand","embeddable":true,"href":"https:\/\/www.vaninamuracciole.com\/en\/wp-json\/wp\/v2\/product_brand?post=1770"},{"taxonomy":"product_cat","embeddable":true,"href":"https:\/\/www.vaninamuracciole.com\/en\/wp-json\/wp\/v2\/product_cat?post=1770"},{"taxonomy":"product_tag","embeddable":true,"href":"https:\/\/www.vaninamuracciole.com\/en\/wp-json\/wp\/v2\/product_tag?post=1770"}],"curies":[{"name":"wp","href":"https:\/\/api.w.org\/{rel}","templated":true}]}}