{"id":1594,"date":"2022-04-01T14:27:32","date_gmt":"2022-04-01T12:27:32","guid":{"rendered":"https:\/\/www.vaninamuracciole.com\/product\/bougie-parfumee-vanina-muracciole-x-frederique-mattei-alexandre-biaggi\/"},"modified":"2022-09-27T12:15:26","modified_gmt":"2022-09-27T10:15:26","slug":"bougie-parfumee-vanina-muracciole-x-frederique-mattei-alexandre-biaggi","status":"publish","type":"product","link":"https:\/\/www.vaninamuracciole.com\/en\/product\/bougie-parfumee-vanina-muracciole-x-frederique-mattei-alexandre-biaggi\/","title":{"rendered":"VANINA MURACCIOLE X FREDERIQUE MATTEI &#038; ALEXANDRE BIAGGI"},"content":{"rendered":"","protected":false},"excerpt":{"rendered":"<p style=\"font-weight: 400;\">A suave fragrance with facets of the Corsican maquis, a refined perfume with golden reflections, similar to the creations of Fr\u00e9d\u00e9rique Mattei and Alexandre Biaggi.<\/p>\n<p style=\"font-weight: 400;\"><em>Lentisk, galbanum, cistus, clove, fig, sea spray, immortelle.<\/em><\/p>\n<p style=\"font-weight: 400;\">In her studio in Saint-Germain des Pr\u00e9s, the artist Fr\u00e9d\u00e9rique Mattei is passionate about the realm of ideas. Her creations are part of a process of research on the concept of links. Her jewels are unique pieces or limited series of sculptures to be worn.<\/p>\n<p style=\"font-weight: 400;\">Alexandre Biaggi is an antiquarian specialising in 20th century decorative arts. Since 2020, he has also been crafting furniture designed exclusively for contemporary designers. Fr\u00e9d\u00e9rique Mattei has designed \u201csculpture boxes\u201d for him.<\/p>\n<p style=\"font-weight: 400;\">&nbsp;<\/p>\n","protected":false},"featured_media":1595,"template":"","meta":{"_acf_changed":false,"ngg_post_thumbnail":0},"product_brand":[],"product_cat":[30],"product_tag":[],"class_list":{"0":"post-1594","1":"product","2":"type-product","3":"status-publish","4":"has-post-thumbnail","6":"product_cat-e-shop-en","8":"first","9":"outofstock","10":"featured","11":"taxable","12":"shipping-taxable","13":"purchasable","14":"product-type-simple","16":"catalog-layout-default","17":"columns-xs-1"},"acf":[],"yoast_head":"<!-- This site is optimized with the Yoast SEO plugin v27.4 - https:\/\/yoast.com\/product\/yoast-seo-wordpress\/ -->\n<title>VANINA MURACCIOLE X FREDERIQUE MATTEI &amp; ALEXANDRE BIAGGI - Vanina Muracciole, parfumeur ind\u00e9pendant<\/title>\n<meta name=\"robots\" content=\"index, follow, max-snippet:-1, max-image-preview:large, max-video-preview:-1\" \/>\n<link rel=\"canonical\" href=\"https:\/\/www.vaninamuracciole.com\/en\/product\/bougie-parfumee-vanina-muracciole-x-frederique-mattei-alexandre-biaggi\/\" \/>\n<meta property=\"og:locale\" content=\"en_US\" \/>\n<meta property=\"og:type\" content=\"article\" \/>\n<meta property=\"og:title\" content=\"VANINA MURACCIOLE X FREDERIQUE MATTEI &amp; ALEXANDRE BIAGGI - Vanina Muracciole, parfumeur ind\u00e9pendant\" \/>\n<meta property=\"og:description\" content=\"A suave fragrance with facets of the Corsican maquis, a refined perfume with golden reflections, similar to the creations of Fr\u00e9d\u00e9rique Mattei and Alexandre Biaggi. Lentisk, galbanum, cistus, clove, fig, sea spray, immortelle. In her studio in Saint-Germain des Pr\u00e9s, the artist Fr\u00e9d\u00e9rique Mattei is passionate about the realm of ideas. Her creations are part of a process of research on the concept of links. Her jewels are unique pieces or limited series of sculptures to be worn. Alexandre Biaggi is an antiquarian specialising in 20th century decorative arts. Since 2020, he has also been crafting furniture designed exclusively for contemporary designers. Fr\u00e9d\u00e9rique Mattei has designed \u201csculpture boxes\u201d for him. &nbsp;\" \/>\n<meta property=\"og:url\" content=\"https:\/\/www.vaninamuracciole.com\/en\/product\/bougie-parfumee-vanina-muracciole-x-frederique-mattei-alexandre-biaggi\/\" \/>\n<meta property=\"og:site_name\" content=\"Vanina Muracciole, parfumeur ind\u00e9pendant\" \/>\n<meta property=\"article:modified_time\" content=\"2022-09-27T10:15:26+00:00\" \/>\n<meta property=\"og:image\" content=\"https:\/\/www.vaninamuracciole.com\/wp-content\/uploads\/2022\/04\/vanina-muracciole-2022-2.jpg\" \/>\n\t<meta property=\"og:image:width\" content=\"800\" \/>\n\t<meta property=\"og:image:height\" content=\"800\" \/>\n\t<meta property=\"og:image:type\" content=\"image\/jpeg\" \/>\n<meta name=\"twitter:card\" content=\"summary_large_image\" \/>\n<script type=\"application\/ld+json\" class=\"yoast-schema-graph\">{\"@context\":\"https:\\\/\\\/schema.org\",\"@graph\":[{\"@type\":\"WebPage\",\"@id\":\"https:\\\/\\\/www.vaninamuracciole.com\\\/en\\\/product\\\/bougie-parfumee-vanina-muracciole-x-frederique-mattei-alexandre-biaggi\\\/\",\"url\":\"https:\\\/\\\/www.vaninamuracciole.com\\\/en\\\/product\\\/bougie-parfumee-vanina-muracciole-x-frederique-mattei-alexandre-biaggi\\\/\",\"name\":\"VANINA MURACCIOLE X FREDERIQUE MATTEI & ALEXANDRE BIAGGI - Vanina Muracciole, parfumeur ind\u00e9pendant\",\"isPartOf\":{\"@id\":\"https:\\\/\\\/www.vaninamuracciole.com\\\/#website\"},\"primaryImageOfPage\":{\"@id\":\"https:\\\/\\\/www.vaninamuracciole.com\\\/en\\\/product\\\/bougie-parfumee-vanina-muracciole-x-frederique-mattei-alexandre-biaggi\\\/#primaryimage\"},\"image\":{\"@id\":\"https:\\\/\\\/www.vaninamuracciole.com\\\/en\\\/product\\\/bougie-parfumee-vanina-muracciole-x-frederique-mattei-alexandre-biaggi\\\/#primaryimage\"},\"thumbnailUrl\":\"https:\\\/\\\/www.vaninamuracciole.com\\\/wp-content\\\/uploads\\\/2022\\\/04\\\/vanina-muracciole-2022-2.jpg\",\"datePublished\":\"2022-04-01T12:27:32+00:00\",\"dateModified\":\"2022-09-27T10:15:26+00:00\",\"breadcrumb\":{\"@id\":\"https:\\\/\\\/www.vaninamuracciole.com\\\/en\\\/product\\\/bougie-parfumee-vanina-muracciole-x-frederique-mattei-alexandre-biaggi\\\/#breadcrumb\"},\"inLanguage\":\"en-US\",\"potentialAction\":[{\"@type\":\"ReadAction\",\"target\":[\"https:\\\/\\\/www.vaninamuracciole.com\\\/en\\\/product\\\/bougie-parfumee-vanina-muracciole-x-frederique-mattei-alexandre-biaggi\\\/\"]}]},{\"@type\":\"ImageObject\",\"inLanguage\":\"en-US\",\"@id\":\"https:\\\/\\\/www.vaninamuracciole.com\\\/en\\\/product\\\/bougie-parfumee-vanina-muracciole-x-frederique-mattei-alexandre-biaggi\\\/#primaryimage\",\"url\":\"https:\\\/\\\/www.vaninamuracciole.com\\\/wp-content\\\/uploads\\\/2022\\\/04\\\/vanina-muracciole-2022-2.jpg\",\"contentUrl\":\"https:\\\/\\\/www.vaninamuracciole.com\\\/wp-content\\\/uploads\\\/2022\\\/04\\\/vanina-muracciole-2022-2.jpg\",\"width\":800,\"height\":800},{\"@type\":\"BreadcrumbList\",\"@id\":\"https:\\\/\\\/www.vaninamuracciole.com\\\/en\\\/product\\\/bougie-parfumee-vanina-muracciole-x-frederique-mattei-alexandre-biaggi\\\/#breadcrumb\",\"itemListElement\":[{\"@type\":\"ListItem\",\"position\":1,\"name\":\"Accueil\",\"item\":\"https:\\\/\\\/www.vaninamuracciole.com\\\/en\\\/\"},{\"@type\":\"ListItem\",\"position\":2,\"name\":\"Shop\",\"item\":\"https:\\\/\\\/www.vaninamuracciole.com\\\/shop-2\\\/\"},{\"@type\":\"ListItem\",\"position\":3,\"name\":\"VANINA MURACCIOLE X FREDERIQUE MATTEI &#038; ALEXANDRE BIAGGI\"}]},{\"@type\":\"WebSite\",\"@id\":\"https:\\\/\\\/www.vaninamuracciole.com\\\/#website\",\"url\":\"https:\\\/\\\/www.vaninamuracciole.com\\\/\",\"name\":\"Vanina Muracciole, parfumeur ind\u00e9pendant\",\"description\":\"Design olfactif - Paris\",\"potentialAction\":[{\"@type\":\"SearchAction\",\"target\":{\"@type\":\"EntryPoint\",\"urlTemplate\":\"https:\\\/\\\/www.vaninamuracciole.com\\\/?s={search_term_string}\"},\"query-input\":{\"@type\":\"PropertyValueSpecification\",\"valueRequired\":true,\"valueName\":\"search_term_string\"}}],\"inLanguage\":\"en-US\"}]}<\/script>\n<!-- \/ Yoast SEO plugin. -->","yoast_head_json":{"title":"VANINA MURACCIOLE X FREDERIQUE MATTEI & ALEXANDRE BIAGGI - Vanina Muracciole, parfumeur ind\u00e9pendant","robots":{"index":"index","follow":"follow","max-snippet":"max-snippet:-1","max-image-preview":"max-image-preview:large","max-video-preview":"max-video-preview:-1"},"canonical":"https:\/\/www.vaninamuracciole.com\/en\/product\/bougie-parfumee-vanina-muracciole-x-frederique-mattei-alexandre-biaggi\/","og_locale":"en_US","og_type":"article","og_title":"VANINA MURACCIOLE X FREDERIQUE MATTEI & ALEXANDRE BIAGGI - Vanina Muracciole, parfumeur ind\u00e9pendant","og_description":"A suave fragrance with facets of the Corsican maquis, a refined perfume with golden reflections, similar to the creations of Fr\u00e9d\u00e9rique Mattei and Alexandre Biaggi. Lentisk, galbanum, cistus, clove, fig, sea spray, immortelle. In her studio in Saint-Germain des Pr\u00e9s, the artist Fr\u00e9d\u00e9rique Mattei is passionate about the realm of ideas. Her creations are part of a process of research on the concept of links. Her jewels are unique pieces or limited series of sculptures to be worn. Alexandre Biaggi is an antiquarian specialising in 20th century decorative arts. Since 2020, he has also been crafting furniture designed exclusively for contemporary designers. Fr\u00e9d\u00e9rique Mattei has designed \u201csculpture boxes\u201d for him. &nbsp;","og_url":"https:\/\/www.vaninamuracciole.com\/en\/product\/bougie-parfumee-vanina-muracciole-x-frederique-mattei-alexandre-biaggi\/","og_site_name":"Vanina Muracciole, parfumeur ind\u00e9pendant","article_modified_time":"2022-09-27T10:15:26+00:00","og_image":[{"width":800,"height":800,"url":"https:\/\/www.vaninamuracciole.com\/wp-content\/uploads\/2022\/04\/vanina-muracciole-2022-2.jpg","type":"image\/jpeg"}],"twitter_card":"summary_large_image","schema":{"@context":"https:\/\/schema.org","@graph":[{"@type":"WebPage","@id":"https:\/\/www.vaninamuracciole.com\/en\/product\/bougie-parfumee-vanina-muracciole-x-frederique-mattei-alexandre-biaggi\/","url":"https:\/\/www.vaninamuracciole.com\/en\/product\/bougie-parfumee-vanina-muracciole-x-frederique-mattei-alexandre-biaggi\/","name":"VANINA MURACCIOLE X FREDERIQUE MATTEI & ALEXANDRE BIAGGI - Vanina Muracciole, parfumeur ind\u00e9pendant","isPartOf":{"@id":"https:\/\/www.vaninamuracciole.com\/#website"},"primaryImageOfPage":{"@id":"https:\/\/www.vaninamuracciole.com\/en\/product\/bougie-parfumee-vanina-muracciole-x-frederique-mattei-alexandre-biaggi\/#primaryimage"},"image":{"@id":"https:\/\/www.vaninamuracciole.com\/en\/product\/bougie-parfumee-vanina-muracciole-x-frederique-mattei-alexandre-biaggi\/#primaryimage"},"thumbnailUrl":"https:\/\/www.vaninamuracciole.com\/wp-content\/uploads\/2022\/04\/vanina-muracciole-2022-2.jpg","datePublished":"2022-04-01T12:27:32+00:00","dateModified":"2022-09-27T10:15:26+00:00","breadcrumb":{"@id":"https:\/\/www.vaninamuracciole.com\/en\/product\/bougie-parfumee-vanina-muracciole-x-frederique-mattei-alexandre-biaggi\/#breadcrumb"},"inLanguage":"en-US","potentialAction":[{"@type":"ReadAction","target":["https:\/\/www.vaninamuracciole.com\/en\/product\/bougie-parfumee-vanina-muracciole-x-frederique-mattei-alexandre-biaggi\/"]}]},{"@type":"ImageObject","inLanguage":"en-US","@id":"https:\/\/www.vaninamuracciole.com\/en\/product\/bougie-parfumee-vanina-muracciole-x-frederique-mattei-alexandre-biaggi\/#primaryimage","url":"https:\/\/www.vaninamuracciole.com\/wp-content\/uploads\/2022\/04\/vanina-muracciole-2022-2.jpg","contentUrl":"https:\/\/www.vaninamuracciole.com\/wp-content\/uploads\/2022\/04\/vanina-muracciole-2022-2.jpg","width":800,"height":800},{"@type":"BreadcrumbList","@id":"https:\/\/www.vaninamuracciole.com\/en\/product\/bougie-parfumee-vanina-muracciole-x-frederique-mattei-alexandre-biaggi\/#breadcrumb","itemListElement":[{"@type":"ListItem","position":1,"name":"Accueil","item":"https:\/\/www.vaninamuracciole.com\/en\/"},{"@type":"ListItem","position":2,"name":"Shop","item":"https:\/\/www.vaninamuracciole.com\/shop-2\/"},{"@type":"ListItem","position":3,"name":"VANINA MURACCIOLE X FREDERIQUE MATTEI &#038; ALEXANDRE BIAGGI"}]},{"@type":"WebSite","@id":"https:\/\/www.vaninamuracciole.com\/#website","url":"https:\/\/www.vaninamuracciole.com\/","name":"Vanina Muracciole, parfumeur ind\u00e9pendant","description":"Design olfactif - Paris","potentialAction":[{"@type":"SearchAction","target":{"@type":"EntryPoint","urlTemplate":"https:\/\/www.vaninamuracciole.com\/?s={search_term_string}"},"query-input":{"@type":"PropertyValueSpecification","valueRequired":true,"valueName":"search_term_string"}}],"inLanguage":"en-US"}]}},"_links":{"self":[{"href":"https:\/\/www.vaninamuracciole.com\/en\/wp-json\/wp\/v2\/product\/1594","targetHints":{"allow":["GET"]}}],"collection":[{"href":"https:\/\/www.vaninamuracciole.com\/en\/wp-json\/wp\/v2\/product"}],"about":[{"href":"https:\/\/www.vaninamuracciole.com\/en\/wp-json\/wp\/v2\/types\/product"}],"wp:featuredmedia":[{"embeddable":true,"href":"https:\/\/www.vaninamuracciole.com\/en\/wp-json\/wp\/v2\/media\/1595"}],"wp:attachment":[{"href":"https:\/\/www.vaninamuracciole.com\/en\/wp-json\/wp\/v2\/media?parent=1594"}],"wp:term":[{"taxonomy":"product_brand","embeddable":true,"href":"https:\/\/www.vaninamuracciole.com\/en\/wp-json\/wp\/v2\/product_brand?post=1594"},{"taxonomy":"product_cat","embeddable":true,"href":"https:\/\/www.vaninamuracciole.com\/en\/wp-json\/wp\/v2\/product_cat?post=1594"},{"taxonomy":"product_tag","embeddable":true,"href":"https:\/\/www.vaninamuracciole.com\/en\/wp-json\/wp\/v2\/product_tag?post=1594"}],"curies":[{"name":"wp","href":"https:\/\/api.w.org\/{rel}","templated":true}]}}