{"id":1592,"date":"2022-06-07T12:47:01","date_gmt":"2022-06-07T10:47:01","guid":{"rendered":"https:\/\/www.vaninamuracciole.com\/product\/vanina-muracciole-x-joseph-antoine-dornano\/"},"modified":"2022-09-27T12:16:47","modified_gmt":"2022-09-27T10:16:47","slug":"vanina-muracciole-x-joseph-antoine-dornano","status":"publish","type":"product","link":"https:\/\/www.vaninamuracciole.com\/en\/product\/vanina-muracciole-x-joseph-antoine-dornano\/","title":{"rendered":"VANINA MURACCIOLE X JOSEPH-ANTOINE D\u2019ORNANO"},"content":{"rendered":"<p style=\"font-weight: 400;\">Auteur d\u2019une dizaine d\u2019ouvrages dont le dernier intitul\u00e9 \u00bb La gr\u00e2ce ou l\u2019\u00e9loge du commencement \u00bb, Joseph Antoine d Ornano avoue \u00eatre entr\u00e9 par effraction dans la peinture. Privil\u00e9giant les petits formats, il chemine entre abstraction et figuration dans un univers onirique l\u00e9g\u00e8rement d\u00e9cal\u00e9 du r\u00e9el, univers o\u00f9 domine le noir, celui du fusain ou de l\u2019aquarelle. Son travail a \u00e9t\u00e9 pr\u00e9sent\u00e9 \u00e0 New York ainsi qu\u2019au Grand Palais et dans diverses galeries \u00e0 Paris et en Province \u00e0 l\u2019occasion d\u2019expositions. Il illustre par ailleurs diverses revues et livres.<\/p>\n<p style=\"font-weight: 400;\">Il est expos\u00e9 en permanence \u00e0 la Galerie Grillon, 44, rue de Seine, 75006 Paris.<\/p>\n","protected":false},"excerpt":{"rendered":"<p style=\"font-weight: 400;\">Bougie cr\u00e9\u00e9e en collaboration avec l\u2019artiste corse Joseph-Antoine d\u2019Ornano.<\/p>\n<p style=\"font-weight: 400;\">185 grammes<\/p>\n<p style=\"font-weight: 400;\">45 heures de diffusion<\/p>\n","protected":false},"featured_media":1593,"template":"","meta":{"_acf_changed":false,"ngg_post_thumbnail":0},"product_brand":[],"product_cat":[30],"product_tag":[],"class_list":{"0":"post-1592","1":"product","2":"type-product","3":"status-publish","4":"has-post-thumbnail","6":"product_cat-e-shop-en","8":"first","9":"outofstock","10":"featured","11":"taxable","12":"shipping-taxable","13":"purchasable","14":"product-type-simple","16":"catalog-layout-default","17":"columns-xs-1"},"acf":[],"yoast_head":"<!-- This site is optimized with the Yoast SEO plugin v27.4 - https:\/\/yoast.com\/product\/yoast-seo-wordpress\/ -->\n<title>VANINA MURACCIOLE X JOSEPH-ANTOINE D\u2019ORNANO - Vanina Muracciole, parfumeur ind\u00e9pendant<\/title>\n<meta name=\"robots\" content=\"index, follow, max-snippet:-1, max-image-preview:large, max-video-preview:-1\" \/>\n<link rel=\"canonical\" href=\"https:\/\/www.vaninamuracciole.com\/en\/product\/vanina-muracciole-x-joseph-antoine-dornano\/\" \/>\n<meta property=\"og:locale\" content=\"en_US\" \/>\n<meta property=\"og:type\" content=\"article\" \/>\n<meta property=\"og:title\" content=\"VANINA MURACCIOLE X JOSEPH-ANTOINE D\u2019ORNANO - Vanina Muracciole, parfumeur ind\u00e9pendant\" \/>\n<meta property=\"og:description\" content=\"Bougie cr\u00e9\u00e9e en collaboration avec l\u2019artiste corse Joseph-Antoine d\u2019Ornano. 185 grammes 45 heures de diffusion\" \/>\n<meta property=\"og:url\" content=\"https:\/\/www.vaninamuracciole.com\/en\/product\/vanina-muracciole-x-joseph-antoine-dornano\/\" \/>\n<meta property=\"og:site_name\" content=\"Vanina Muracciole, parfumeur ind\u00e9pendant\" \/>\n<meta property=\"article:modified_time\" content=\"2022-09-27T10:16:47+00:00\" \/>\n<meta property=\"og:image\" content=\"https:\/\/www.vaninamuracciole.com\/wp-content\/uploads\/2022\/04\/vanina-muracciole-2019.jpg\" \/>\n\t<meta property=\"og:image:width\" content=\"800\" \/>\n\t<meta property=\"og:image:height\" content=\"800\" \/>\n\t<meta property=\"og:image:type\" content=\"image\/jpeg\" \/>\n<meta name=\"twitter:card\" content=\"summary_large_image\" \/>\n<meta name=\"twitter:label1\" content=\"Est. reading time\" \/>\n\t<meta name=\"twitter:data1\" content=\"1 minute\" \/>\n<script type=\"application\/ld+json\" class=\"yoast-schema-graph\">{\"@context\":\"https:\\\/\\\/schema.org\",\"@graph\":[{\"@type\":\"WebPage\",\"@id\":\"https:\\\/\\\/www.vaninamuracciole.com\\\/en\\\/product\\\/vanina-muracciole-x-joseph-antoine-dornano\\\/\",\"url\":\"https:\\\/\\\/www.vaninamuracciole.com\\\/en\\\/product\\\/vanina-muracciole-x-joseph-antoine-dornano\\\/\",\"name\":\"VANINA MURACCIOLE X JOSEPH-ANTOINE D\u2019ORNANO - Vanina Muracciole, parfumeur ind\u00e9pendant\",\"isPartOf\":{\"@id\":\"https:\\\/\\\/www.vaninamuracciole.com\\\/#website\"},\"primaryImageOfPage\":{\"@id\":\"https:\\\/\\\/www.vaninamuracciole.com\\\/en\\\/product\\\/vanina-muracciole-x-joseph-antoine-dornano\\\/#primaryimage\"},\"image\":{\"@id\":\"https:\\\/\\\/www.vaninamuracciole.com\\\/en\\\/product\\\/vanina-muracciole-x-joseph-antoine-dornano\\\/#primaryimage\"},\"thumbnailUrl\":\"https:\\\/\\\/www.vaninamuracciole.com\\\/wp-content\\\/uploads\\\/2022\\\/04\\\/vanina-muracciole-2019.jpg\",\"datePublished\":\"2022-06-07T10:47:01+00:00\",\"dateModified\":\"2022-09-27T10:16:47+00:00\",\"breadcrumb\":{\"@id\":\"https:\\\/\\\/www.vaninamuracciole.com\\\/en\\\/product\\\/vanina-muracciole-x-joseph-antoine-dornano\\\/#breadcrumb\"},\"inLanguage\":\"en-US\",\"potentialAction\":[{\"@type\":\"ReadAction\",\"target\":[\"https:\\\/\\\/www.vaninamuracciole.com\\\/en\\\/product\\\/vanina-muracciole-x-joseph-antoine-dornano\\\/\"]}]},{\"@type\":\"ImageObject\",\"inLanguage\":\"en-US\",\"@id\":\"https:\\\/\\\/www.vaninamuracciole.com\\\/en\\\/product\\\/vanina-muracciole-x-joseph-antoine-dornano\\\/#primaryimage\",\"url\":\"https:\\\/\\\/www.vaninamuracciole.com\\\/wp-content\\\/uploads\\\/2022\\\/04\\\/vanina-muracciole-2019.jpg\",\"contentUrl\":\"https:\\\/\\\/www.vaninamuracciole.com\\\/wp-content\\\/uploads\\\/2022\\\/04\\\/vanina-muracciole-2019.jpg\",\"width\":800,\"height\":800},{\"@type\":\"BreadcrumbList\",\"@id\":\"https:\\\/\\\/www.vaninamuracciole.com\\\/en\\\/product\\\/vanina-muracciole-x-joseph-antoine-dornano\\\/#breadcrumb\",\"itemListElement\":[{\"@type\":\"ListItem\",\"position\":1,\"name\":\"Accueil\",\"item\":\"https:\\\/\\\/www.vaninamuracciole.com\\\/en\\\/\"},{\"@type\":\"ListItem\",\"position\":2,\"name\":\"Shop\",\"item\":\"https:\\\/\\\/www.vaninamuracciole.com\\\/shop-2\\\/\"},{\"@type\":\"ListItem\",\"position\":3,\"name\":\"VANINA MURACCIOLE X JOSEPH-ANTOINE D\u2019ORNANO\"}]},{\"@type\":\"WebSite\",\"@id\":\"https:\\\/\\\/www.vaninamuracciole.com\\\/#website\",\"url\":\"https:\\\/\\\/www.vaninamuracciole.com\\\/\",\"name\":\"Vanina Muracciole, parfumeur ind\u00e9pendant\",\"description\":\"Design olfactif - Paris\",\"potentialAction\":[{\"@type\":\"SearchAction\",\"target\":{\"@type\":\"EntryPoint\",\"urlTemplate\":\"https:\\\/\\\/www.vaninamuracciole.com\\\/?s={search_term_string}\"},\"query-input\":{\"@type\":\"PropertyValueSpecification\",\"valueRequired\":true,\"valueName\":\"search_term_string\"}}],\"inLanguage\":\"en-US\"}]}<\/script>\n<!-- \/ Yoast SEO plugin. -->","yoast_head_json":{"title":"VANINA MURACCIOLE X JOSEPH-ANTOINE D\u2019ORNANO - Vanina Muracciole, parfumeur ind\u00e9pendant","robots":{"index":"index","follow":"follow","max-snippet":"max-snippet:-1","max-image-preview":"max-image-preview:large","max-video-preview":"max-video-preview:-1"},"canonical":"https:\/\/www.vaninamuracciole.com\/en\/product\/vanina-muracciole-x-joseph-antoine-dornano\/","og_locale":"en_US","og_type":"article","og_title":"VANINA MURACCIOLE X JOSEPH-ANTOINE D\u2019ORNANO - Vanina Muracciole, parfumeur ind\u00e9pendant","og_description":"Bougie cr\u00e9\u00e9e en collaboration avec l\u2019artiste corse Joseph-Antoine d\u2019Ornano. 185 grammes 45 heures de diffusion","og_url":"https:\/\/www.vaninamuracciole.com\/en\/product\/vanina-muracciole-x-joseph-antoine-dornano\/","og_site_name":"Vanina Muracciole, parfumeur ind\u00e9pendant","article_modified_time":"2022-09-27T10:16:47+00:00","og_image":[{"width":800,"height":800,"url":"https:\/\/www.vaninamuracciole.com\/wp-content\/uploads\/2022\/04\/vanina-muracciole-2019.jpg","type":"image\/jpeg"}],"twitter_card":"summary_large_image","twitter_misc":{"Est. reading time":"1 minute"},"schema":{"@context":"https:\/\/schema.org","@graph":[{"@type":"WebPage","@id":"https:\/\/www.vaninamuracciole.com\/en\/product\/vanina-muracciole-x-joseph-antoine-dornano\/","url":"https:\/\/www.vaninamuracciole.com\/en\/product\/vanina-muracciole-x-joseph-antoine-dornano\/","name":"VANINA MURACCIOLE X JOSEPH-ANTOINE D\u2019ORNANO - Vanina Muracciole, parfumeur ind\u00e9pendant","isPartOf":{"@id":"https:\/\/www.vaninamuracciole.com\/#website"},"primaryImageOfPage":{"@id":"https:\/\/www.vaninamuracciole.com\/en\/product\/vanina-muracciole-x-joseph-antoine-dornano\/#primaryimage"},"image":{"@id":"https:\/\/www.vaninamuracciole.com\/en\/product\/vanina-muracciole-x-joseph-antoine-dornano\/#primaryimage"},"thumbnailUrl":"https:\/\/www.vaninamuracciole.com\/wp-content\/uploads\/2022\/04\/vanina-muracciole-2019.jpg","datePublished":"2022-06-07T10:47:01+00:00","dateModified":"2022-09-27T10:16:47+00:00","breadcrumb":{"@id":"https:\/\/www.vaninamuracciole.com\/en\/product\/vanina-muracciole-x-joseph-antoine-dornano\/#breadcrumb"},"inLanguage":"en-US","potentialAction":[{"@type":"ReadAction","target":["https:\/\/www.vaninamuracciole.com\/en\/product\/vanina-muracciole-x-joseph-antoine-dornano\/"]}]},{"@type":"ImageObject","inLanguage":"en-US","@id":"https:\/\/www.vaninamuracciole.com\/en\/product\/vanina-muracciole-x-joseph-antoine-dornano\/#primaryimage","url":"https:\/\/www.vaninamuracciole.com\/wp-content\/uploads\/2022\/04\/vanina-muracciole-2019.jpg","contentUrl":"https:\/\/www.vaninamuracciole.com\/wp-content\/uploads\/2022\/04\/vanina-muracciole-2019.jpg","width":800,"height":800},{"@type":"BreadcrumbList","@id":"https:\/\/www.vaninamuracciole.com\/en\/product\/vanina-muracciole-x-joseph-antoine-dornano\/#breadcrumb","itemListElement":[{"@type":"ListItem","position":1,"name":"Accueil","item":"https:\/\/www.vaninamuracciole.com\/en\/"},{"@type":"ListItem","position":2,"name":"Shop","item":"https:\/\/www.vaninamuracciole.com\/shop-2\/"},{"@type":"ListItem","position":3,"name":"VANINA MURACCIOLE X JOSEPH-ANTOINE D\u2019ORNANO"}]},{"@type":"WebSite","@id":"https:\/\/www.vaninamuracciole.com\/#website","url":"https:\/\/www.vaninamuracciole.com\/","name":"Vanina Muracciole, parfumeur ind\u00e9pendant","description":"Design olfactif - Paris","potentialAction":[{"@type":"SearchAction","target":{"@type":"EntryPoint","urlTemplate":"https:\/\/www.vaninamuracciole.com\/?s={search_term_string}"},"query-input":{"@type":"PropertyValueSpecification","valueRequired":true,"valueName":"search_term_string"}}],"inLanguage":"en-US"}]}},"_links":{"self":[{"href":"https:\/\/www.vaninamuracciole.com\/en\/wp-json\/wp\/v2\/product\/1592","targetHints":{"allow":["GET"]}}],"collection":[{"href":"https:\/\/www.vaninamuracciole.com\/en\/wp-json\/wp\/v2\/product"}],"about":[{"href":"https:\/\/www.vaninamuracciole.com\/en\/wp-json\/wp\/v2\/types\/product"}],"wp:featuredmedia":[{"embeddable":true,"href":"https:\/\/www.vaninamuracciole.com\/en\/wp-json\/wp\/v2\/media\/1593"}],"wp:attachment":[{"href":"https:\/\/www.vaninamuracciole.com\/en\/wp-json\/wp\/v2\/media?parent=1592"}],"wp:term":[{"taxonomy":"product_brand","embeddable":true,"href":"https:\/\/www.vaninamuracciole.com\/en\/wp-json\/wp\/v2\/product_brand?post=1592"},{"taxonomy":"product_cat","embeddable":true,"href":"https:\/\/www.vaninamuracciole.com\/en\/wp-json\/wp\/v2\/product_cat?post=1592"},{"taxonomy":"product_tag","embeddable":true,"href":"https:\/\/www.vaninamuracciole.com\/en\/wp-json\/wp\/v2\/product_tag?post=1592"}],"curies":[{"name":"wp","href":"https:\/\/api.w.org\/{rel}","templated":true}]}}